{"id":177,"date":"2014-12-13T23:34:23","date_gmt":"2014-12-13T23:34:23","guid":{"rendered":"http:\/\/www.pixels-et-cie.fr\/Photographies\/?page_id=177"},"modified":"2017-05-25T15:45:18","modified_gmt":"2017-05-25T14:45:18","slug":"accueil","status":"publish","type":"page","link":"https:\/\/www.pixels-et-cie.fr\/Photographies\/","title":{"rendered":"Bernard Pourchet, auteur photographe"},"content":{"rendered":"<div class=\"blocImg\">\n<h2 class=\"p1\"><strong>\u00ab\u00a0Si vous vous contentez de voir ce qui est \u00e9vident, vous ne verrez rien\u00a0\u00bb<\/strong> (Ruth Bernhard)<\/h2>\n<p class=\"p1\"><div class=\"su-spacer\" style=\"height:40px\"><\/div>\n<p class=\"p1\">Le travail de l&rsquo;image me passionne\u00a0depuis de longues ann\u00e9es.\u00a0C&rsquo;est pour moi un outil de recherche, de cr\u00e9ation et un moyen d&rsquo;expression. Autodidacte, je photographie comme j&rsquo;aime observer\u00a0le monde, en accordant de l&rsquo;importance\u00a0aux\u00a0d\u00e9tails, en mettant en valeur ce qui passerait inaper\u00e7u aux yeux du plus grand nombre. Je m&rsquo;efforce de saisir\u00a0la beaut\u00e9 cach\u00e9e de ce que l&rsquo;on ne voit pas.<\/p>\n<p class=\"p1\"><div id=\"metaslider-id-1369\" style=\"max-width: 680px;\" class=\"ml-slider-3-105-0 metaslider metaslider-flex metaslider-1369 ml-slider ms-theme-default nav-hidden\" role=\"region\" aria-label=\"Nouveau diaporama\" data-height=\"270\" data-width=\"680\">\n    <div id=\"metaslider_container_1369\">\n        <div id=\"metaslider_1369\">\n            <ul class='slides'>\n                <li style=\"display: block; width: 100%;\" class=\"slide-1252 ms-image \" aria-roledescription=\"slide\" data-date=\"2015-01-18 22:22:15\" data-filename=\"Pourchet_Photographies_3.jpg\" data-slide-type=\"image\"><img src=\"https:\/\/www.pixels-et-cie.fr\/Photographies\/wp-content\/uploads\/2015\/01\/Pourchet_Photographies_3.jpg\" height=\"270\" width=\"680\" alt=\"Gouverneur Audigier, fabricant de lunettes de luxe\" class=\"slider-1369 slide-1252 msDefaultImage\" \/><\/li>\n                <li style=\"display: none; width: 100%;\" class=\"slide-1255 ms-image \" aria-roledescription=\"slide\" data-date=\"2015-01-18 22:22:21\" data-filename=\"Pourchet_Photographies_6.jpg\" data-slide-type=\"image\"><img src=\"https:\/\/www.pixels-et-cie.fr\/Photographies\/wp-content\/uploads\/2015\/01\/Pourchet_Photographies_6.jpg\" height=\"270\" width=\"680\" alt=\"Usine ROPP manufacture de pipes \u00e0 Baume les Dames\" class=\"slider-1369 slide-1255 msDefaultImage\" \/><\/li>\n                <li style=\"display: none; width: 100%;\" class=\"slide-1256 ms-image \" aria-roledescription=\"slide\" data-date=\"2015-01-18 22:22:23\" data-filename=\"Pourchet_Photographies_7.jpg\" data-slide-type=\"image\"><img src=\"https:\/\/www.pixels-et-cie.fr\/Photographies\/wp-content\/uploads\/2015\/01\/Pourchet_Photographies_7.jpg\" height=\"270\" width=\"680\" alt=\"Usine ROPP manufacture de pipes \u00e0 Baume les Dames\" class=\"slider-1369 slide-1256 msDefaultImage\" \/><\/li>\n                <li style=\"display: none; width: 100%;\" class=\"slide-1260 ms-image \" aria-roledescription=\"slide\" data-date=\"2015-01-18 22:22:31\" data-filename=\"Pourchet_Photographies_11.jpg\" data-slide-type=\"image\"><img src=\"https:\/\/www.pixels-et-cie.fr\/Photographies\/wp-content\/uploads\/2015\/01\/Pourchet_Photographies_11.jpg\" height=\"270\" width=\"680\" alt=\"ateliers, manufacture, outillage pour horloger\" class=\"slider-1369 slide-1260 msDefaultImage\" \/><\/li>\n                <li style=\"display: none; width: 100%;\" class=\"slide-1261 ms-image \" aria-roledescription=\"slide\" data-date=\"2015-01-18 22:22:33\" data-filename=\"Pourchet_Photographies_12.jpg\" data-slide-type=\"image\"><img src=\"https:\/\/www.pixels-et-cie.fr\/Photographies\/wp-content\/uploads\/2015\/01\/Pourchet_Photographies_12.jpg\" height=\"270\" width=\"680\" alt=\"Ancien atelier de la Ferme Mus\u00e9e de Grand Combe  Chateleu\" class=\"slider-1369 slide-1261 msDefaultImage\" \/><\/li>\n                <li style=\"display: none; width: 100%;\" class=\"slide-1254 ms-image \" aria-roledescription=\"slide\" data-date=\"2015-01-18 22:22:19\" data-filename=\"Pourchet_Photographies_5.jpg\" data-slide-type=\"image\"><img src=\"https:\/\/www.pixels-et-cie.fr\/Photographies\/wp-content\/uploads\/2015\/01\/Pourchet_Photographies_5.jpg\" height=\"270\" width=\"680\" alt=\"Lunetier Morez jura\" class=\"slider-1369 slide-1254 msDefaultImage\" \/><\/li>\n                <li style=\"display: none; width: 100%;\" class=\"slide-1262 ms-image \" aria-roledescription=\"slide\" data-date=\"2015-01-18 22:22:35\" data-filename=\"Pourchet_Photographies_13.jpg\" data-slide-type=\"image\"><img src=\"https:\/\/www.pixels-et-cie.fr\/Photographies\/wp-content\/uploads\/2015\/01\/Pourchet_Photographies_13.jpg\" height=\"270\" width=\"680\" alt=\"Photographie documentaire, reportages \" class=\"slider-1369 slide-1262 msDefaultImage\" \/><\/li>\n                <li style=\"display: none; width: 100%;\" class=\"slide-1258 ms-image \" aria-roledescription=\"slide\" data-date=\"2015-01-18 22:22:28\" data-filename=\"Pourchet_Photographies_9.jpg\" data-slide-type=\"image\"><img src=\"https:\/\/www.pixels-et-cie.fr\/Photographies\/wp-content\/uploads\/2015\/01\/Pourchet_Photographies_9.jpg\" height=\"270\" width=\"680\" alt=\"ateliers, manufacture, outillage pour horloger\" class=\"slider-1369 slide-1258 msDefaultImage\" \/><\/li>\n                <li style=\"display: none; width: 100%;\" class=\"slide-1257 ms-image \" aria-roledescription=\"slide\" data-date=\"2015-01-18 22:22:25\" data-filename=\"Pourchet_Photographies_8.jpg\" data-slide-type=\"image\"><img src=\"https:\/\/www.pixels-et-cie.fr\/Photographies\/wp-content\/uploads\/2015\/01\/Pourchet_Photographies_8.jpg\" height=\"270\" width=\"680\" alt=\"Photographie documentaire, reportages \" class=\"slider-1369 slide-1257 msDefaultImage\" \/><\/li>\n                <li style=\"display: none; width: 100%;\" class=\"slide-1250 ms-image \" aria-roledescription=\"slide\" data-date=\"2015-01-18 22:22:11\" data-filename=\"Pourchet_Photographies_1.jpg\" data-slide-type=\"image\"><img src=\"https:\/\/www.pixels-et-cie.fr\/Photographies\/wp-content\/uploads\/2015\/01\/Pourchet_Photographies_1.jpg\" height=\"270\" width=\"680\" alt=\"Chacom manufacture de pipes \u00e0 Saint Claude\" class=\"slider-1369 slide-1250 msDefaultImage\" \/><\/li>\n                <li style=\"display: none; width: 100%;\" class=\"slide-1251 ms-image \" aria-roledescription=\"slide\" data-date=\"2015-01-18 22:22:13\" data-filename=\"Pourchet_Photographies_2.jpg\" data-slide-type=\"image\"><img src=\"https:\/\/www.pixels-et-cie.fr\/Photographies\/wp-content\/uploads\/2015\/01\/Pourchet_Photographies_2.jpg\" height=\"270\" width=\"680\" alt=\"Machines anciens ateliers\" class=\"slider-1369 slide-1251 msDefaultImage\" \/><\/li>\n                <li style=\"display: none; width: 100%;\" class=\"slide-1259 ms-image \" aria-roledescription=\"slide\" data-date=\"2015-01-18 22:22:29\" data-filename=\"Pourchet_Photographies_10.jpg\" data-slide-type=\"image\"><img src=\"https:\/\/www.pixels-et-cie.fr\/Photographies\/wp-content\/uploads\/2015\/01\/Pourchet_Photographies_10.jpg\" height=\"270\" width=\"680\" alt=\"Vieux ateliers aujourd&#039;hui disparus\" class=\"slider-1369 slide-1259 msDefaultImage\" \/><\/li>\n                <li style=\"display: none; width: 100%;\" class=\"slide-1253 ms-image \" aria-roledescription=\"slide\" data-date=\"2015-01-18 22:22:17\" data-filename=\"Pourchet_Photographies_4.jpg\" data-slide-type=\"image\"><img src=\"https:\/\/www.pixels-et-cie.fr\/Photographies\/wp-content\/uploads\/2015\/01\/Pourchet_Photographies_4.jpg\" height=\"270\" width=\"680\" alt=\"ancien atelier de lunetier\" class=\"slider-1369 slide-1253 msDefaultImage\" \/><\/li>\n            <\/ul>\n        <\/div>\n        \n    <\/div>\n<\/div>\n<p class=\"p1\"><div class=\"su-spacer\" style=\"height:40px\"><\/div>\n<\/div>\n<div class=\"blocImg\">\n<p class=\"p1\">Je ne cherche pas \u00e0 raconter quelque chose, je laisse le sujet le faire \u00e0 ma place. Observant la sc\u00e8ne qui s\u2019offre \u00e0 moi, je me laisse emporter par l\u2019exaltation de la d\u00e9couverte, m&rsquo;effor\u00e7ant de saisir l\u2019atmosph\u00e8re \u00e0 travers le cadrage et l\u2019angle de vue pour peindre\u00a0au plus juste l\u2019\u00e9motion qui se d\u00e9gage du\u00a0sujet\u00a0ou de l&rsquo;instant.<\/p>\n<\/div>\n<div class=\"su-custom-gallery su-custom-gallery-align-left su-custom-gallery-title-never\"><div class=\"su-custom-gallery-slide\" style=\"width:155px;height:155px\"><a><img src=\"https:\/\/www.pixels-et-cie.fr\/Photographies\/wp-content\/uploads\/2014\/11\/Chacom-2016_135-155x155.jpg\" alt=\"Chacom\" width=\"155\" height=\"155\" \/><span class=\"su-custom-gallery-title\">Chacom<\/span><\/a><\/div><div class=\"su-custom-gallery-slide\" style=\"width:155px;height:155px\"><a><img src=\"https:\/\/www.pixels-et-cie.fr\/Photographies\/wp-content\/uploads\/2016\/08\/Atelier_Dr_Wyss_043-155x155.jpg\" alt=\"Atelier_Dr_Wyss_043\" width=\"155\" height=\"155\" \/><span class=\"su-custom-gallery-title\">Atelier_Dr_Wyss_043<\/span><\/a><\/div><div class=\"su-custom-gallery-slide\" style=\"width:155px;height:155px\"><a><img src=\"https:\/\/www.pixels-et-cie.fr\/Photographies\/wp-content\/uploads\/2015\/07\/Musee_boitier_007-155x155.jpg\" alt=\"Musee_boitier_007\" width=\"155\" height=\"155\" \/><span class=\"su-custom-gallery-title\">Musee_boitier_007<\/span><\/a><\/div><div class=\"su-custom-gallery-slide\" style=\"width:155px;height:155px\"><a><img src=\"https:\/\/www.pixels-et-cie.fr\/Photographies\/wp-content\/uploads\/2015\/05\/AtelierJacot_192-155x155.jpg\" alt=\"AtelierJacot_192\" width=\"155\" height=\"155\" \/><span class=\"su-custom-gallery-title\">AtelierJacot_192<\/span><\/a><\/div><div class=\"su-custom-gallery-slide\" style=\"width:155px;height:155px\"><a><img src=\"https:\/\/www.pixels-et-cie.fr\/Photographies\/wp-content\/uploads\/2016\/09\/CirquePlume_137-155x155.jpg\" alt=\"Cirque Plume Tempus Fugit?\" width=\"155\" height=\"155\" \/><span class=\"su-custom-gallery-title\">Cirque Plume Tempus Fugit?<\/span><\/a><\/div><div class=\"su-custom-gallery-slide\" style=\"width:155px;height:155px\"><a><img src=\"https:\/\/www.pixels-et-cie.fr\/Photographies\/wp-content\/uploads\/2016\/06\/DSC3421-155x155.jpg\" alt=\"Danse Besan\u00e7on Galerie de la Danse\" width=\"155\" height=\"155\" \/><span class=\"su-custom-gallery-title\">Danse Besan\u00e7on Galerie de la Danse<\/span><\/a><\/div><div class=\"su-custom-gallery-slide\" style=\"width:155px;height:155px\"><a><img src=\"https:\/\/www.pixels-et-cie.fr\/Photographies\/wp-content\/uploads\/2016\/06\/DSC2664-155x155.jpg\" alt=\"spectacle Atelier Danse Morteau 2016\" width=\"155\" height=\"155\" \/><span class=\"su-custom-gallery-title\">spectacle Atelier Danse Morteau 2016<\/span><\/a><\/div><div class=\"su-custom-gallery-slide\" style=\"width:155px;height:155px\"><a><img src=\"https:\/\/www.pixels-et-cie.fr\/Photographies\/wp-content\/uploads\/2017\/05\/CirquePlume-mai-248-155x155.jpg\" alt=\"Cirque Plume 2017 La Derni\u00e8re Saison\" width=\"155\" height=\"155\" \/><span class=\"su-custom-gallery-title\">Cirque Plume 2017 La Derni\u00e8re Saison<\/span><\/a><\/div><div class=\"su-clear\"><\/div><\/div>\n<h3>Mes sujets favoris:<\/h3>\n<ul>\n<li>Le patrimoine artisanal, industriel et culturel \u00e0 travers ces anciens ateliers, ces manufactures\u00a0t\u00e9moins d&rsquo;un autre temps, n&rsquo;ayant pas ou peu \u00e9t\u00e9 transform\u00e9s, modernis\u00e9s, ces lieux authentiques victimes\u00a0de l&rsquo;industrialisation qui les a fait na\u00eetre, o\u00f9 les machines et les outils ont une \u00e2me et nous racontent un peu de leur histoire.<\/li>\n<li class=\"p1\">Les entreprises, les manufactures, les artisans d&rsquo;art, o\u00f9 dext\u00e9rit\u00e9 et\u00a0savoir-faire ont\u00a0encore un\u00a0sens.<\/li>\n<li class=\"p1\">Les lieux d\u00e9saffect\u00e9s, les greniers, les remises, les r\u00e9serves des mus\u00e9es, &#8230; \u00a0ces lieux improbables qui souvent\u00a0renferment une mati\u00e8re photographique insoup\u00e7onn\u00e9e.<\/li>\n<\/ul>\n<ul>\n<li class=\"p1\">Les spectacles vivants, danse contemporaine, classique, hip hop&#8230;<\/li>\n<\/ul>\n<ul>\n<li class=\"p1\">Bien d&rsquo;autres sujets que j&rsquo;aborde avec la m\u00eame passion : le sport, la nature, les images prises au hasard d&rsquo;une balade&#8230;<\/li>\n<\/ul>\n<p>&nbsp;<\/p>\n","protected":false},"excerpt":{"rendered":"<p>\u00ab\u00a0Si vous vous contentez de voir ce qui est \u00e9vident, vous ne verrez rien\u00a0\u00bb (Ruth Bernhard) Le travail de l&rsquo;image me passionne\u00a0depuis de longues ann\u00e9es.\u00a0C&rsquo;est pour moi un outil de recherche, de cr\u00e9ation et un moyen d&rsquo;expression. Autodidacte, je photographie comme j&rsquo;aime observer\u00a0le monde, en accordant de l&rsquo;importance\u00a0aux\u00a0d\u00e9tails, en mettant en valeur ce qui passerait [&hellip;]<\/p>\n","protected":false},"author":2,"featured_media":0,"parent":0,"menu_order":0,"comment_status":"closed","ping_status":"open","template":"page-accueil.php","meta":[],"_links":{"self":[{"href":"https:\/\/www.pixels-et-cie.fr\/Photographies\/wp-json\/wp\/v2\/pages\/177"}],"collection":[{"href":"https:\/\/www.pixels-et-cie.fr\/Photographies\/wp-json\/wp\/v2\/pages"}],"about":[{"href":"https:\/\/www.pixels-et-cie.fr\/Photographies\/wp-json\/wp\/v2\/types\/page"}],"author":[{"embeddable":true,"href":"https:\/\/www.pixels-et-cie.fr\/Photographies\/wp-json\/wp\/v2\/users\/2"}],"replies":[{"embeddable":true,"href":"https:\/\/www.pixels-et-cie.fr\/Photographies\/wp-json\/wp\/v2\/comments?post=177"}],"version-history":[{"count":47,"href":"https:\/\/www.pixels-et-cie.fr\/Photographies\/wp-json\/wp\/v2\/pages\/177\/revisions"}],"predecessor-version":[{"id":2029,"href":"https:\/\/www.pixels-et-cie.fr\/Photographies\/wp-json\/wp\/v2\/pages\/177\/revisions\/2029"}],"wp:attachment":[{"href":"https:\/\/www.pixels-et-cie.fr\/Photographies\/wp-json\/wp\/v2\/media?parent=177"}],"curies":[{"name":"wp","href":"https:\/\/api.w.org\/{rel}","templated":true}]}}